{"id":25315,"date":"2020-02-24T08:53:31","date_gmt":"2020-02-24T07:53:31","guid":{"rendered":"http:\/\/tzzetjt.cluster026.hosting.ovh.net\/?page_id=25315"},"modified":"2026-03-28T09:33:05","modified_gmt":"2026-03-28T08:33:05","slug":"adhesion","status":"publish","type":"page","link":"https:\/\/www.retraitesportivesaves.fr\/index.php\/adhesion\/","title":{"rendered":"Adh\u00e9sion"},"content":{"rendered":"\n<div class=\"wp-block-columns is-layout-flex wp-container-core-columns-is-layout-1 wp-block-columns-is-layout-flex\">\n<div class=\"wp-block-column is-layout-flow wp-block-column-is-layout-flow\" style=\"flex-basis:21%\">\n<figure class=\"wp-block-image size-large is-resized\"><img loading=\"lazy\" decoding=\"async\" width=\"104\" height=\"200\" src=\"https:\/\/www.retraitesportivesaves.fr\/wp-content\/uploads\/2020\/02\/inscire-1.png\" alt=\"\" class=\"wp-image-25410\" style=\"width:145px;height:279px\"\/><\/figure>\n<\/div>\n\n\n\n<div class=\"wp-block-column is-layout-flow wp-block-column-is-layout-flow\" style=\"flex-basis:79%\">\n<p class=\"has-text-align-center has-background\" style=\"background-color:#f9ef91\">Un geste volontaire pour soi et pour participer \u00e0 la vie d\u2019un groupe :<br><strong>D\u00c9COUVREZ LES 10 BONNES RAISONS DE PRENDRE UNE LICENCE FFRS<\/strong>&nbsp;:&nbsp;<strong><a href=\"https:\/\/www.ffrs-retraite-sportive.org\/Adherer_a25.html\" target=\"_blank\" rel=\"noreferrer noopener\" aria-label=\" (s\u2019ouvre dans un nouvel onglet)\">cliquer ICI<\/a><\/strong>  <\/p>\n\n\n\n<p class=\"has-text-align-center has-vivid-green-cyan-color has-text-color has-background\" style=\"background-color:#e2f2d4\"><strong> Vous \u00eates tent\u00e9(e),  mais avant de faire votre choix vous souhaitez vous assurer de votre forme, de vos envies et aussi de la convivialit\u00e9 du groupe.<\/strong><em><strong> Le club offre 1 s\u00e9ance&nbsp;d\u2019essai <\/strong><\/em><strong> pour tout nouvel adh\u00e9rent souhaitant d\u00e9couvrir et tester une discipline.<\/strong> <\/p>\n<\/div>\n<\/div>\n\n\n\n<p class=\"has-normal-font-size\">L&rsquo;adh\u00e9sion au club est fix\u00e9e pour la p\u00e9riode de septembre \u00e0 juin&nbsp;\u00e0 <strong>63\u20ac&nbsp;<\/strong>et vous permet de participer aux activit\u00e9s propos\u00e9es durant plus de 30 semaines&nbsp;.&nbsp; La plupart des activit\u00e9s sont suspendues pendant les vacances scolaires.<br>Ce montant comprend la licence FFRS, l\u2019assurance de base d\u2019accident corporel et de garantie assistance rapatriement, les parts des instances f\u00e9d\u00e9rales et du club ainsi que l\u2019abonnement \u00e0 la newsletter et \u00e0 la revue trimestrielle Vital\u2019it\u00e9.<br>Les adh\u00e9sions peuvent \u00eatre re\u00e7ues tout au long de l&rsquo;ann\u00e9e. <br><br>Le&nbsp;Yoga est une <strong>activit\u00e9 optionnelle<\/strong> pour laquelle un suppl\u00e9ment <strong>de&nbsp;65\u20ac<\/strong>&nbsp;est demand\u00e9 pour une s\u00e9ance hebdomadaire de d\u00e9but octobre jusqu&rsquo;\u00e0 fin juin. Un minimum de 18 personnes est n\u00e9cessaire pour maintenir cette activit\u00e9 \u00e0 ce tarif. Les participant(e)s \u00e0 cette activit\u00e9 doivent aussi participer \u00e0 d&rsquo;autres activit\u00e9s du club. En cas de nombre insuffisant, cette activit\u00e9 sera annul\u00e9e pour l&rsquo;ann\u00e9e et <strong>seulement les 65\u20ac seront rembours\u00e9s<\/strong>.<br><\/p>\n\n\n\n<p class=\"has-text-align-left has-background has-normal-font-size\" style=\"background-color:#feffbb\"><strong>Pour adh\u00e9rer&nbsp;ou renouveler votre adh\u00e9sion<\/strong> :<br><br>Apr\u00e8s avoir pris connaissance des recommandations de sant\u00e9 (<strong><a href=\"https:\/\/www.retraitesportivesaves.fr\/wp-content\/uploads\/2023\/01\/RECOMMANDATIONS-SANT\u00c9.pdf\">auto-questionnaire<\/a><\/strong>)*,<br><br><strong>=&gt;Se connecter<\/strong> sur le site FFRS360 adh\u00e9rent(e)s depuis <strong>un ordinateur<\/strong> : <br><br><a href=\"https:\/\/ffrs360-crm.my.site.com\" target=\"_blank\" rel=\"noreferrer noopener\"><strong>https:\/\/ffrs360-crm.my.site.com<\/strong><\/a> <br><br>Si c&rsquo;est <strong>votre premi\u00e8re adh\u00e9sion<\/strong> \u00e0 la Retraite Sportive, il faut cliquer sur le cadre en bas \u00e0 droite <strong>Jamais eu de licence FFRS<\/strong> et cr\u00e9er un compte FFRS360 en fournissant vos donn\u00e9es personnelles et choisir un mot de passe. <br>cliquer sur <strong>ADHERER<\/strong>, il faudra choisir le <strong>Club  RETRAITE SPORTIVE DU SAVES N<sup>0<\/sup> 32039<\/strong> pour avoir acc\u00e8s \u00e0 nos activit\u00e9s. <br><strong>Vous vous retrouverez dans le cas d&rsquo;un ancien adh\u00e9rent.<\/strong><br> <br>Pour <strong>les ancien(e)s adh\u00e9rent(e)s <\/strong>voici la suite des op\u00e9rations : <br><br> <strong>=&gt;<\/strong>Votre <strong>Nom utilisateur<\/strong> est de cette forme <strong>xxxxxxx@ffrs360.espaceadherent.fr <\/strong>les xxxxxx sont votre num\u00e9ro de licence.<br><br><strong>=&gt;<\/strong>Si vous ne souvenez pas de votre mot de passe alors appuyez sur <strong><em>Mot de passe oubli\u00e9<\/em> ?<\/strong> (un nouveau lien vous sera envoy\u00e9 sur votre mail pour r\u00e9initialiser votre mot de passe)<br><br><strong>=&gt; Connectez-vous <\/strong>et cliquer<strong> <\/strong>sur la bandeau en haut sur<strong> ADH\u00c9RER <\/strong><em><strong>pour un nouvel adh\u00e9rent<\/strong><\/em><strong> <\/strong>ou<strong>  INSCRIPTION\/COMMANDE <\/strong>puis<strong> RENOUVELLEMENT <em>pour un ancien adh\u00e9rent<\/em><\/strong>, il faudra choisir la saison 2025\/2026 puis la <strong>Licence FFRS_2025-2026<\/strong>. <br><br><strong>=&gt; <\/strong>Pour <strong>les assurances<\/strong> : RC (Responsabilit\u00e9 Civile) est obligatoire \u00e0 0,57\u20ac, <strong>cocher imp\u00e9rativement <\/strong> les 2 cases IA \u00e0 1,05\u20ac et l&rsquo;assurance rapatriement \u00e0 0,47\u20ac puis <strong>faire<\/strong> le choix des assurances facultatives I.A. Plus et Effets Personnels. <br>Les assurances vous couvrent pour ensemble des activit\u00e9s du club, jusqu&rsquo;au 31 ao\u00fbt 2026, \u00e0 partir de la date d&rsquo; adh\u00e9sion. <br><br><strong>=&gt; <\/strong>Pour plus d<strong>&lsquo;informations<\/strong> sur la <strong>licence<\/strong> et les <strong>assurances<\/strong> Cliquez <strong><a href=\"https:\/\/clubs.ffrs-retraite-sportive.org\/wp-content\/uploads\/Saison2025-2026_InfosLicencesAssurances.pdf\" target=\"_blank\" rel=\"noreferrer noopener\">ici<\/a><a href=\"https:\/\/clubs.ffrs-retraite-sportive.org\/wp-content\/uploads\/Saison2025-2026_InfosLicencesAssurances.pdf\"> <\/a><\/strong><br><br><strong>=&gt; Choisir<\/strong> les activit\u00e9s que vous voulez pratiquer en les mettant dans votre panier (choisir uniquement celles que vous \u00eates certain(e) de faire, car vous pourrez en cours d&rsquo;ann\u00e9e ajouter des nouvelles activit\u00e9s). Pour les activit\u00e9s avec quota ou liste d&rsquo;attente, <strong>l&rsquo;inscription ne pr\u00e9sage<\/strong> pas que vous soyez retenu(e). La r\u00e9ponse vous sera donn\u00e9e par le club.<br> <br><strong>=&gt; A la fin<\/strong>, il faut payer le contenu de son panier, le choix par carte bancaire ou par ch\u00e8que est possible. Privil\u00e9giez le paiement par carte bancaire. Le ch\u00e8que sera libell\u00e9 au nom du CRSS puis remis au Club (normalement 63\u20ac ou 128\u20ac avec le Yoga) . <br>Dans les 2 modes de paiement, un d\u00e9lai de 14 jours avant encaissement sera respect\u00e9 pour vous permettre une r\u00e9tractation. <br>Au-del\u00e0 de ce d\u00e9lai <strong>pas de retour en arri\u00e8re possible<\/strong>. Vous recevrez votre licence directement par mail. <br>Vous pourrez aussi la retrouver depuis le site FFRS360 dans votre espace adh\u00e9rent en cliquant sur <strong>MA LICENCE ET ASSURANCES<\/strong> ou en allant sur <strong>DONNEES PERSO <\/strong>puis sur <strong>MES DOCUMENTS.<\/strong><br>Nous sommes l\u00e0 pour vous aider en cas de difficult\u00e9s (mail, vos animateurs, le bureau et les administrateur du CRSS, <a href=\"https:\/\/www.retraitesportivesaves.fr\/index.php\/contact-me\/\"><strong>Contactez-nous<\/strong><\/a>) <br><\/p>\n\n\n\n<p class=\"has-black-color has-pale-cyan-blue-background-color has-text-color has-background has-small-font-size\"><strong>CARTE D\u00c9COUVERTE<\/strong> : <strong>Vous souhaitez nous rejoindre en fin d\u2019ann\u00e9e sportive et participer \u00e0 nos activit\u00e9s en toute s\u00e9curit\u00e9 sans avoir \u00e0 payer la totalit\u00e9 de la cotisation.<\/strong> La FFRS propose la\u00a0Carte \u00ab\u00a0d\u00e9couverte\u00a0\u00bb. Elle\u00a0n\u2019est valable que\u00a0<strong>trois mois, d\u2019Avril \u00e0 Juin<\/strong>\u00a0et permet de participer\u00a0\u00e0 toutes les activit\u00e9s du club (yoga en +).\u00a0R\u00e9serv\u00e9e \u00e0 tout nouvel adh\u00e9rent, elle ne peut pas \u00eatre renouvel\u00e9e. La carte \u00ab\u00a0d\u00e9couverte\u00a0\u00bb permet de b\u00e9n\u00e9ficier de la m\u00eame assurance que celle incluse dans la licence FFRS. Adh\u00e9sion \u00e0 la \u00a0<strong>Carte \u00ab\u00a0d\u00e9couverte\u00a0\u00bb<\/strong>\u00a0:\u00a0<strong>18 \u20ac.<\/strong><br>L&rsquo;inscription se fait selon le m\u00eame sch\u00e9ma qu&rsquo;une adh\u00e9sion ordinaire (cf. bloc ci-desus)<\/p>\n\n\n\n<p><\/p>\n\n\n\n<p class=\"has-text-align-left has-background has-normal-font-size\" style=\"background-color:#d8f4eb\"><strong> * Auto-questionnaire<\/strong> :  depuis le 1er janvier 2023, pour l\u2019obtention d\u2019une licence, la FFRS a d\u00e9cid\u00e9, en application de la loi du 2 mars 2022, de mettre fin \u00e0 l\u2019obligation de pr\u00e9senter un certificat m\u00e9dical d\u2019absence de contre-indication \u00e0 la pratique sportive de loisir afin de faciliter et encourager l\u2019acc\u00e8s aux activit\u00e9s propos\u00e9es. Elle propose aux adh\u00e9rents un auto-questionnaire afin qu\u2019ils \u00e9valuent si leur \u00e9tat de sant\u00e9 n\u00e9cessite une consultation m\u00e9dicale.  <br><strong> ** le site ffrs360<\/strong> n\u2019est pas accessible en version mobile depuis un t\u00e9l\u00e9phone une tablette. Il faut activer sur ces appareils la version PC ou Ordinateur. Pour cela, il faut aller dans les param\u00e8tres de votre navigateur.<\/p>\n\n\n<p class=\"has-text-color has-very-dark-gray-color\" style=\"font-size: 17px;\"><strong><span style=\"font-size: 14pt;\">Les adh\u00e9rents sont tenus de se conformer aux statuts et au r\u00e8glement int\u00e9rieur du club.<\/span> (<a href=\"https:\/\/www.retraitesportivesaves.fr\/index.php\/documentation\/\">consultables dans l&rsquo;onglet \u00ab\u00a0Documentation\u00a0\u00bb<\/a>).<\/strong><\/p>\n<p><!-- \/wp:paragraph --><\/p>\n<p><!-- wp:paragraph --><\/p>\n<p><strong><span style=\"font-size: 14pt;\">Lors des activit\u00e9s, ayez toujours sur vous votre licence et votre\u00a0<\/span><a href=\"https:\/\/clubs.ffrs-retraite-sportive.org\/wp-content\/uploads\/Passeport-sante.pdf\" target=\"_blank\" rel=\"noreferrer noopener\" aria-label=\"passeport sant\u00e9. (s\u2019ouvre dans un nouvel onglet)\">passeport sant\u00e9.<\/a><\/strong><\/p>\n<p><!-- \/wp:paragraph --><\/p>\n<p><!-- wp:verse --><\/p>\n<p><!-- \/wp:verse --><\/p>","protected":false},"excerpt":{"rendered":"<p>Un geste volontaire pour soi et pour participer \u00e0 la vie d\u2019un groupe :D\u00c9COUVREZ LES 10 BONNES RAISONS DE PRENDRE UNE LICENCE FFRS&nbsp;:&nbsp;cliquer ICI Vous \u00eates tent\u00e9(e), mais avant de faire votre choix vous souhaitez vous assurer de votre forme, de vos envies et aussi de la convivialit\u00e9 du groupe. Le club offre 1 s\u00e9ance&nbsp;d\u2019essai &hellip;<\/p>\n<p class=\"read-more\"> <a class=\"\" href=\"https:\/\/www.retraitesportivesaves.fr\/index.php\/adhesion\/\"> <span class=\"screen-reader-text\">Adh\u00e9sion<\/span> Lire la suite\u00a0\u00bb<\/a><\/p>\n","protected":false},"author":1,"featured_media":0,"parent":0,"menu_order":0,"comment_status":"closed","ping_status":"closed","template":"","meta":{"_monsterinsights_skip_tracking":false,"_monsterinsights_sitenote_active":false,"_monsterinsights_sitenote_note":"","_monsterinsights_sitenote_category":0,"footnotes":""},"uagb_featured_image_src":{"full":false,"thumbnail":false,"medium":false,"medium_large":false,"large":false,"1536x1536":false,"2048x2048":false},"uagb_author_info":{"display_name":"admin9078","author_link":"https:\/\/www.retraitesportivesaves.fr\/index.php\/author\/admin9078\/"},"uagb_comment_info":0,"uagb_excerpt":"Un geste volontaire pour soi et pour participer \u00e0 la vie d\u2019un groupe :D\u00c9COUVREZ LES 10 BONNES RAISONS DE PRENDRE UNE LICENCE FFRS&nbsp;:&nbsp;cliquer ICI Vous \u00eates tent\u00e9(e), mais avant de faire votre choix vous souhaitez vous assurer de votre forme, de vos envies et aussi de la convivialit\u00e9 du groupe. Le club offre 1 s\u00e9ance&nbsp;d\u2019essai\u2026","_links":{"self":[{"href":"https:\/\/www.retraitesportivesaves.fr\/index.php\/wp-json\/wp\/v2\/pages\/25315"}],"collection":[{"href":"https:\/\/www.retraitesportivesaves.fr\/index.php\/wp-json\/wp\/v2\/pages"}],"about":[{"href":"https:\/\/www.retraitesportivesaves.fr\/index.php\/wp-json\/wp\/v2\/types\/page"}],"author":[{"embeddable":true,"href":"https:\/\/www.retraitesportivesaves.fr\/index.php\/wp-json\/wp\/v2\/users\/1"}],"replies":[{"embeddable":true,"href":"https:\/\/www.retraitesportivesaves.fr\/index.php\/wp-json\/wp\/v2\/comments?post=25315"}],"version-history":[{"count":202,"href":"https:\/\/www.retraitesportivesaves.fr\/index.php\/wp-json\/wp\/v2\/pages\/25315\/revisions"}],"predecessor-version":[{"id":33569,"href":"https:\/\/www.retraitesportivesaves.fr\/index.php\/wp-json\/wp\/v2\/pages\/25315\/revisions\/33569"}],"wp:attachment":[{"href":"https:\/\/www.retraitesportivesaves.fr\/index.php\/wp-json\/wp\/v2\/media?parent=25315"}],"curies":[{"name":"wp","href":"https:\/\/api.w.org\/{rel}","templated":true}]}}