{"id":25317,"date":"2020-02-24T08:55:58","date_gmt":"2020-02-24T07:55:58","guid":{"rendered":"http:\/\/tzzetjt.cluster026.hosting.ovh.net\/?page_id=25317"},"modified":"2026-02-24T10:23:08","modified_gmt":"2026-02-24T09:23:08","slug":"adhesion-2","status":"publish","type":"page","link":"https:\/\/www.retraitesportivesaves.fr\/","title":{"rendered":"Pr\u00e9sentation du club"},"content":{"rendered":"\n<section class=\"wp-block-uagb-section uagb-section__wrap uagb-section__background-image alignfull uagb-block-ba46bc82\"><div class=\"uagb-section__overlay\"><\/div><div class=\"uagb-section__inner-wrap\">\n<section class=\"wp-block-uagb-section uagb-section__wrap uagb-section__background-undefined uagb-block-4836975b\"><div class=\"uagb-section__overlay\"><\/div><div class=\"uagb-section__inner-wrap\">\n<p><\/p>\n\n\n\n<p class=\"has-text-align-center has-very-light-gray-color has-text-color\" style=\"font-size:43px\"><strong>Club de Retraite Sportive du Sav\u00e8s<\/strong> <\/p>\n<\/div><\/section>\n\n\n\n<p class=\"has-text-align-center has-very-light-gray-color has-text-color\" style=\"font-size:32px\"><em><strong>Pour vivre une retraite sportive, \u00e9panouie et conviviale<\/strong><\/em> <\/p>\n<\/div><\/section>\n\n\n\n<p><\/p>\n\n\n\n<p class=\"has-vivid-purple-color has-very-light-gray-background-color has-text-color has-background has-medium-font-size\"><strong> Le mot de la Pr\u00e9sidente<\/strong><\/p>\n\n\n\n<div class=\"wp-block-columns is-layout-flex wp-container-core-columns-is-layout-1 wp-block-columns-is-layout-flex\">\n<div class=\"wp-block-column is-layout-flow wp-block-column-is-layout-flow\" style=\"flex-basis:15%\"><div class=\"wp-block-image\">\n<figure class=\"aligncenter size-large\"><img loading=\"lazy\" decoding=\"async\" width=\"321\" height=\"336\" src=\"https:\/\/www.retraitesportivesaves.fr\/wp-content\/uploads\/2023\/06\/IMG_20230622_225706.jpg\" alt=\"\" class=\"wp-image-30442\" srcset=\"https:\/\/www.retraitesportivesaves.fr\/wp-content\/uploads\/2023\/06\/IMG_20230622_225706.jpg 321w, https:\/\/www.retraitesportivesaves.fr\/wp-content\/uploads\/2023\/06\/IMG_20230622_225706-287x300.jpg 287w\" sizes=\"(max-width: 321px) 100vw, 321px\" \/><\/figure><\/div><\/div>\n\n\n\n<div class=\"wp-block-column is-layout-flow wp-block-column-is-layout-flow\" style=\"flex-basis:85%\">\n<p class=\"has-drop-cap has-vivid-purple-color has-text-color has-small-font-size\"><strong>C<em>hers adh\u00e9rents licenci\u00e9s ou en cours de devenir<\/em><\/strong><br><br><strong><em> Notre objectif en adh\u00e9rant \u00e0 la f\u00e9d\u00e9ration de la retraite sportive est bien d&rsquo;am\u00e9liorer notre sant\u00e9 gr\u00e2ce aux diverses et nombreuses activit\u00e9s propos\u00e9es. Notre club le CRSS en propose 16.   <br><br> Nos \u00e9nergies sont le moteur de notre b\u00e9n\u00e9volat qui trouve sa dimension dans le partage du plaisir d&rsquo;\u00eatre ensemble dans les activit\u00e9s et les \u00e9changes autour d&rsquo;elles. <br><br> La f\u00e9d\u00e9ration ne nous demande plus de certificat m\u00e9dical cependant voir son m\u00e9decin chaque ann\u00e9e est une bonne chose \u00e0 faire selon ses choix de pratiques sportives.<\/em><\/strong><br><strong><em><br> Pour l&rsquo;avenir, je souhaite que les plus motiv\u00e9s d&rsquo;entre vous d\u00e9couvrent le plaisir de l&rsquo;engagement associatif. Notre club pr\u00e9sente diverses g\u00e9n\u00e9rations d&rsquo;\u00e2ge avec des besoins et des envies tr\u00e8s diversifi\u00e9s et qui aspirent de fait \u00e0 des activit\u00e9s sportives adapt\u00e9es<\/em><\/strong>.<br><strong><em><br> Afin de r\u00e9pondre le mieux possible \u00e0 ces attentes, nous avons besoin d\u2019animateurs et cela pour la p\u00e9rennit\u00e9 de notre club.<\/em><\/strong><br><strong><em><br>R\u00e9guli\u00e8rement des formations gratuites sont propos\u00e9es par la f\u00e9d\u00e9ration et je vous invite \u00e0 \u00e9changer avec vos animateurs \u00e0 ce sujet si le c\u0153ur vous en dit.<\/em><\/strong><br><strong><em><br> A tr\u00e8s bient\u00f4t pour de beaux \u00e9changes sportifs dans la joie et la bonne humeur.<\/em><\/strong><br><br><strong><em>B\u00e9atrice Deplanque,  votre pr\u00e9sidente<\/em><\/strong>.<\/p>\n\n\n\n<p class=\"has-small-font-size\"><br><br><em><strong>NB : sur l&rsquo;ensemble du site, vous ouvrirez des liens image ou texte en cliquant sur les mots en bleu<\/strong><\/em><\/p>\n<\/div>\n<\/div>\n\n\n\n<figure class=\"wp-block-table\"><table class=\"has-background\" style=\"background-color:#fcf0ef\"><tbody><tr><td class=\"has-text-align-left\" data-align=\"left\"><strong>PR\u00c9SENTATION DU CLUB de RETRAITE SPORTIVE du SAV\u00c8S (CRSS)<\/strong><br><br>Le<strong>&nbsp;CRSS&nbsp;<\/strong>est une association de type loi de 1901, \u00e0 but non lucratif.<br>Les adh\u00e9rents sont des personnes de plus de 50 ans, en activit\u00e9 ou en retraite. Les animateurs sont majoritairement des b\u00e9n\u00e9voles en possession d&rsquo;un dipl\u00f4me f\u00e9d\u00e9ral et du PSC1 (pr\u00e9vention et secours civiques, niv. 1).<br><br>Le club a pour objet de :<br>&#8211; favoriser le d\u00e9veloppement de la pratique d\u2019activit\u00e9s physiques et sportives adapt\u00e9es aux seniors, sans id\u00e9e de comp\u00e9tition, dans&nbsp;le respect des r\u00e8glements techniques des disciplines sportives.<br>&#8211; valoriser la pr\u00e9servation du capital sant\u00e9 des pratiquants sportifs avan\u00e7ant en \u00e2ge.<br>&#8211; promouvoir la convivialit\u00e9 par la pratique en groupe d\u2019activit\u00e9s physiques et sportives voire cr\u00e9atives et artistiques.<br><br>Il est affili\u00e9 \u00e0 la&nbsp;<a rel=\"noreferrer noopener\" aria-label=\"FFRS (s\u2019ouvre dans un nouvel onglet)\" href=\"http:\/\/www.ffrs-retraite-sportive.org\/\" target=\"_blank\"><strong>FFRS<\/strong><\/a>&nbsp;(<strong>F<\/strong>\u00e9d\u00e9ration <strong>F<\/strong>ran\u00e7aise de la <strong>R<\/strong>etraite <strong>S<\/strong>portive) f\u00e9d\u00e9ration multisports reconnue d&rsquo;utilit\u00e9 publique, agr\u00e9\u00e9e par le Minist\u00e8re des Sports, membre associ\u00e9 du comit\u00e9 national olympique et sportif fran\u00e7ais (CNOSF).<br><br>La cotisation annuelle inclut la licence f\u00e9d\u00e9rale de la FFRS et une assurance de base d\u2019accidents corporels.<br>Cette licence permet de participer \u00e0 l\u2019ensemble des activit\u00e9s propos\u00e9es par l\u2019association. <br>Certaines activit\u00e9s peuvent donner lieu \u00e0 un paiement optionnel compl\u00e9mentaire.<br><br>Dans un esprit de convivialit\u00e9 et de bien vivre ensemble, notre objectif est, par le sport et le loisir, d\u2019entretenir sa forme physique et de conserver son potentiel sant\u00e9.<br><br><strong><em>Alors, si vous recherchez cette harmonie et partagez ces valeurs, n\u2019h\u00e9sitez pas : venez nous retrouver.&nbsp;<\/em><\/strong><\/td><\/tr><tr><td class=\"has-text-align-left\" data-align=\"left\"><\/td><\/tr><\/tbody><\/table><\/figure>\n\n\n\n<div class=\"wp-block-columns is-layout-flex wp-container-core-columns-is-layout-2 wp-block-columns-is-layout-flex\">\n<div class=\"wp-block-column is-layout-flow wp-block-column-is-layout-flow\">\n<figure class=\"wp-block-image alignwide size-large\"><img loading=\"lazy\" decoding=\"async\" width=\"379\" height=\"277\" src=\"https:\/\/www.retraitesportivesaves.fr\/wp-content\/uploads\/2020\/03\/village.jpg\" alt=\"\" class=\"wp-image-27018\" srcset=\"https:\/\/www.retraitesportivesaves.fr\/wp-content\/uploads\/2020\/03\/village.jpg 379w, https:\/\/www.retraitesportivesaves.fr\/wp-content\/uploads\/2020\/03\/village-300x219.jpg 300w\" sizes=\"(max-width: 379px) 100vw, 379px\" \/><\/figure>\n<\/div>\n\n\n\n<div class=\"wp-block-column is-layout-flow wp-block-column-is-layout-flow\">\n<p style=\"text-align: left;\"><span style=\"color: #800080; font-size: 14pt;\"><strong data-rich-text-format-boundary=\"true\">SITUATION G\u00c9OGRAPHIQUE<\/strong><\/span><br data-rich-text-line-break=\"true\" \/><br data-rich-text-line-break=\"true\" \/>Le club exerce ses activit\u00e9s sur Samatan dans le d\u00e9partement du Gers (r\u00e9gion Occitanie).<\/p>\n<p style=\"text-align: left;\">Cit\u00e9 des Portes de Gascogne, au c\u0153ur du Sav\u00e8s, cette petite ville d&rsquo;un peu plus de 2500 habitants, situ\u00e9e \u00e0 36 km de Auch et 50 de Toulouse, class\u00e9e Station Verte et capitale du foie gras, offre, avec son lac et sa base de loisirs, un cadre id\u00e9al pour la pratique d&rsquo;activit\u00e9s de plein air telles que la randonn\u00e9e p\u00e9destre et la marche nordique.<\/p>\n<\/div>\n<\/div>\n\n\n\n<p><\/p>\n\n\n\n<div class=\"wp-block-columns is-layout-flex wp-container-core-columns-is-layout-3 wp-block-columns-is-layout-flex\">\n<div class=\"wp-block-column is-layout-flow wp-block-column-is-layout-flow\">\n<p class=\"has-text-align-center has-background\" style=\"background-color:#a3ebf0\"><strong>Il n&rsquo;y a pas d&rsquo;\u00e2ge pour faire du sport<\/strong><\/p>\n<\/div>\n\n\n\n<div class=\"wp-block-column is-layout-flow wp-block-column-is-layout-flow\">\n<p class=\"has-text-align-center has-background\" style=\"background-color:#ee9696\"><strong>Le sport doit \u00eatre un plaisir, pas une contrainte<\/strong><\/p>\n<\/div>\n\n\n\n<div class=\"wp-block-column is-layout-flow wp-block-column-is-layout-flow\">\n<p class=\"has-text-align-center has-background\" style=\"background-color:#84e7c3\"> <strong>Votre corps m\u00e9rite le sport et le bien-\u00eatre<\/strong> <\/p>\n<\/div>\n<\/div>\n\n\n\n<div class=\"wp-block-columns is-layout-flex wp-container-core-columns-is-layout-4 wp-block-columns-is-layout-flex\">\n<div class=\"wp-block-column is-layout-flow wp-block-column-is-layout-flow\">\n<p class=\"has-text-align-center has-background\" style=\"background-color:#d0adf2\"><strong>Pas de comp\u00e9tition, mais un entretien physique r\u00e9gulier<\/strong><\/p>\n\n\n\n<p><\/p>\n<\/div>\n\n\n\n<div class=\"wp-block-column is-vertically-aligned-top is-layout-flow wp-block-column-is-layout-flow\">\n<p class=\"has-text-align-center has-background\" style=\"background-color:#edf46a\"><strong>Choisissez des activit\u00e9s qui vous font envie et vous donnent du pep&rsquo;s<\/strong><\/p>\n<\/div>\n\n\n\n<div class=\"wp-block-column is-layout-flow wp-block-column-is-layout-flow\">\n<p class=\"has-text-align-center has-background\" style=\"background-color:#f0b388\"> <strong>Halte \u00e0 la s\u00e9dentarit\u00e9, venez chercher de la convivialit\u00e9<\/strong> <\/p>\n<\/div>\n<\/div>\n\n\n\n<p class=\"has-very-light-gray-background-color has-background\"><strong>AFFILIATION<\/strong> <br><br>Le CRSS est affili\u00e9 \u00e0 la F\u00e9d\u00e9ration Fran\u00e7aise de la Retraite Sportive (plus de 90.000 adh\u00e9rents sur environ 400 clubs avec 6.200 animateurs).<br>Il est rattach\u00e9 au : <br>&#8211; Comit\u00e9 D\u00e9partemental : le Coders 32 (9 clubs gersois pour 1.300 licenci\u00e9s).<br>&#8211; Comit\u00e9 R\u00e9gional : le Corers Occitanie (12.500 adh\u00e9rents, 10 Coders et 72 clubs).<\/p>\n\n\n\n<div class=\"wp-block-columns is-layout-flex wp-container-core-columns-is-layout-5 wp-block-columns-is-layout-flex\">\n<div class=\"wp-block-column is-layout-flow wp-block-column-is-layout-flow\"><div class=\"wp-block-image is-resized\">\n<figure class=\"aligncenter size-large\"><a href=\"http:\/\/www.coders32.org\/\" target=\"_blank\" rel=\"noreferrer noopener\"><img loading=\"lazy\" decoding=\"async\" width=\"300\" height=\"155\" src=\"https:\/\/www.retraitesportivesaves.fr\/wp-content\/uploads\/2020\/02\/Coders.jpg\" alt=\"\" class=\"wp-image-25353\" style=\"width:183px;height:auto\"\/><\/a><\/figure><\/div><\/div>\n\n\n\n<div class=\"wp-block-column is-layout-flow wp-block-column-is-layout-flow\"><div class=\"wp-block-image\">\n<figure class=\"aligncenter size-large is-resized\"><a href=\"https:\/\/www.corers-occitanie.fr\/\" target=\"_blank\" rel=\"noreferrer noopener\"><img loading=\"lazy\" decoding=\"async\" width=\"454\" height=\"341\" src=\"https:\/\/www.retraitesportivesaves.fr\/wp-content\/uploads\/2020\/02\/corers.jpg\" alt=\"\" class=\"wp-image-25354\" style=\"width:180px;height:115px\" srcset=\"https:\/\/www.retraitesportivesaves.fr\/wp-content\/uploads\/2020\/02\/corers.jpg 454w, https:\/\/www.retraitesportivesaves.fr\/wp-content\/uploads\/2020\/02\/corers-300x225.jpg 300w\" sizes=\"(max-width: 454px) 100vw, 454px\" \/><\/a><\/figure><\/div><\/div>\n\n\n\n<div class=\"wp-block-column is-layout-flow wp-block-column-is-layout-flow\"><div class=\"wp-block-image\">\n<figure class=\"aligncenter size-large is-resized\"><a href=\"https:\/\/www.ffrs-retraite-sportive.org\/\" target=\"_blank\" rel=\"noreferrer noopener\"><img loading=\"lazy\" decoding=\"async\" width=\"150\" height=\"128\" src=\"https:\/\/www.retraitesportivesaves.fr\/wp-content\/uploads\/2020\/02\/logoFFRS-150x128-1.png\" alt=\"\" class=\"wp-image-25356\" style=\"width:170px;height:128px\"\/><\/a><\/figure><\/div><\/div>\n<\/div>\n\n\n\n<p><strong>NOS PARTENAIRES<\/strong><br>Ils nous aident et nous apportent leur soutien :<br><a aria-label=\"\ufffc (s\u2019ouvre dans un nouvel onglet)\" href=\"http:\/\/www.samatan-gers.com\/\" target=\"_blank\" rel=\"noreferrer noopener\"><img loading=\"lazy\" decoding=\"async\" width=\"140\" height=\"142\" class=\"wp-image-26782\" style=\"width: 140px;\" src=\"https:\/\/www.retraitesportivesaves.fr\/wp-content\/uploads\/2020\/03\/marker.png\" alt=\"\" srcset=\"https:\/\/www.retraitesportivesaves.fr\/wp-content\/uploads\/2020\/03\/marker.png 432w, https:\/\/www.retraitesportivesaves.fr\/wp-content\/uploads\/2020\/03\/marker-296x300.png 296w\" sizes=\"(max-width: 140px) 100vw, 140px\" \/><\/a> <\/p>\n\n\n\n<p><\/p>\n\n\n<div id=\"awe-ajax-awesome-weather-samatan\" class=\"awe-ajax-awesome-weather-samatan awe-weather-ajax-wrap\" style=\"\"><div class=\"awe-loading\"><i class=\"wi wi-day-sunny\"><\/i><\/div><\/div><script type=\"text\/javascript\"> jQuery(document).ready(function() { awe_ajax_load({\"own_city_id\":\"6432121\",\"location\":\"Samatan\",\"units\":\"C\",\"show_icons\":\"1\",\"forecast_days\":\"5\",\"background_by_weather\":\"1\",\"hide_attribution\":\"1\",\"id\":\"awesome-weather-samatan\",\"ajaxurl\":\"https:\\\/\\\/www.retraitesportivesaves.fr\\\/wp-admin\\\/admin-ajax.php\",\"via_ajax\":1}); }); <\/script>\n","protected":false},"excerpt":{"rendered":"<p>Le mot de la Pr\u00e9sidente Chers adh\u00e9rents licenci\u00e9s ou en cours de devenir Notre objectif en adh\u00e9rant \u00e0 la f\u00e9d\u00e9ration de la retraite sportive est bien d&rsquo;am\u00e9liorer notre sant\u00e9 gr\u00e2ce aux diverses et nombreuses activit\u00e9s propos\u00e9es. Notre club le CRSS en propose 16. Nos \u00e9nergies sont le moteur de notre b\u00e9n\u00e9volat qui trouve sa dimension &hellip;<\/p>\n<p class=\"read-more\"> <a class=\"\" href=\"https:\/\/www.retraitesportivesaves.fr\/\"> <span class=\"screen-reader-text\">Pr\u00e9sentation du club<\/span> Lire la suite\u00a0\u00bb<\/a><\/p>\n","protected":false},"author":1,"featured_media":0,"parent":0,"menu_order":0,"comment_status":"closed","ping_status":"closed","template":"","meta":{"_monsterinsights_skip_tracking":false,"_monsterinsights_sitenote_active":false,"_monsterinsights_sitenote_note":"","_monsterinsights_sitenote_category":0,"footnotes":""},"uagb_featured_image_src":{"full":false,"thumbnail":false,"medium":false,"medium_large":false,"large":false,"1536x1536":false,"2048x2048":false},"uagb_author_info":{"display_name":"admin9078","author_link":"https:\/\/www.retraitesportivesaves.fr\/index.php\/author\/admin9078\/"},"uagb_comment_info":0,"uagb_excerpt":"Le mot de la Pr\u00e9sidente Chers adh\u00e9rents licenci\u00e9s ou en cours de devenir Notre objectif en adh\u00e9rant \u00e0 la f\u00e9d\u00e9ration de la retraite sportive est bien d&rsquo;am\u00e9liorer notre sant\u00e9 gr\u00e2ce aux diverses et nombreuses activit\u00e9s propos\u00e9es. Notre club le CRSS en propose 16. Nos \u00e9nergies sont le moteur de notre b\u00e9n\u00e9volat qui trouve sa dimension\u2026","_links":{"self":[{"href":"https:\/\/www.retraitesportivesaves.fr\/index.php\/wp-json\/wp\/v2\/pages\/25317"}],"collection":[{"href":"https:\/\/www.retraitesportivesaves.fr\/index.php\/wp-json\/wp\/v2\/pages"}],"about":[{"href":"https:\/\/www.retraitesportivesaves.fr\/index.php\/wp-json\/wp\/v2\/types\/page"}],"author":[{"embeddable":true,"href":"https:\/\/www.retraitesportivesaves.fr\/index.php\/wp-json\/wp\/v2\/users\/1"}],"replies":[{"embeddable":true,"href":"https:\/\/www.retraitesportivesaves.fr\/index.php\/wp-json\/wp\/v2\/comments?post=25317"}],"version-history":[{"count":349,"href":"https:\/\/www.retraitesportivesaves.fr\/index.php\/wp-json\/wp\/v2\/pages\/25317\/revisions"}],"predecessor-version":[{"id":33446,"href":"https:\/\/www.retraitesportivesaves.fr\/index.php\/wp-json\/wp\/v2\/pages\/25317\/revisions\/33446"}],"wp:attachment":[{"href":"https:\/\/www.retraitesportivesaves.fr\/index.php\/wp-json\/wp\/v2\/media?parent=25317"}],"curies":[{"name":"wp","href":"https:\/\/api.w.org\/{rel}","templated":true}]}}