{"id":25760,"date":"2020-02-26T12:06:50","date_gmt":"2020-02-26T11:06:50","guid":{"rendered":"http:\/\/tzzetjt.cluster026.hosting.ovh.net\/?page_id=25760"},"modified":"2026-02-10T14:50:17","modified_gmt":"2026-02-10T13:50:17","slug":"danses-en-ligne-et-de-loisirs","status":"publish","type":"page","link":"https:\/\/www.retraitesportivesaves.fr\/index.php\/danses-en-ligne-et-de-loisirs\/","title":{"rendered":"Danses en ligne"},"content":{"rendered":"<p><!--StartFragment--><\/p>\n\n\n<p class=\"has-vivid-cyan-blue-color has-text-color\"><\/p>\n\n\n\n<p class=\"has-vivid-cyan-blue-color has-text-color\"><strong>Le\u00a0jeudi de 15h45\u00a0\u00e0 17h<\/strong> \u00e0 la salle des f\u00eates de Samatan.<\/p>\n\n\n<div class=\"wp-block-image\">\n<figure class=\"alignright size-large is-resized\"><img loading=\"lazy\" decoding=\"async\" width=\"239\" height=\"207\" src=\"https:\/\/www.retraitesportivesaves.fr\/wp-content\/uploads\/2020\/02\/danse.png\" alt=\"\" class=\"wp-image-26023\" style=\"width:204px;height:177px\"\/><\/figure><\/div>\n\n\n<p>Avec une sono, ces apr\u00e8s-midis sont anim\u00e9s par des animateurs b\u00e9n\u00e9voles samatanais form\u00e9s par la FFRS. En solo, en couple ou en ligne, vous apprendrez des dizaines de pas de danse.<\/p>\n\n\n\n<p class=\"has-text-align-left has-luminous-vivid-orange-color has-text-color\">&nbsp; &nbsp; &nbsp; &nbsp; &nbsp; &nbsp; &nbsp; &nbsp; &nbsp; &nbsp; &nbsp; &nbsp; &nbsp; &nbsp; &nbsp; &nbsp; &nbsp; &nbsp; &nbsp; &nbsp; &nbsp; &nbsp; &nbsp; &nbsp; &nbsp; &nbsp; &nbsp; &nbsp; &nbsp; &nbsp; &nbsp; &nbsp; &nbsp; &nbsp; &nbsp; &nbsp; &nbsp; &nbsp; &nbsp; &nbsp; &nbsp; &nbsp; &nbsp; &nbsp; &nbsp; &nbsp; &nbsp; &nbsp; &nbsp; &nbsp;&nbsp;&nbsp;<strong>R\u00e9f\u00e9rent : Marie-Jo<\/strong> <strong>06 07 34 87 25<\/strong><\/p>\n\n\n\n<p><em><strong>Bienfaits :<\/strong><br>La danse fait du bien au physique et au moral et a un pouvoir euphorisant. Elle produit les m\u00eames effets qu&rsquo;un sport (renforcement des muscles, entretien des articulations, travail de l&rsquo;\u00e9quilibre, de la souplesse, de la m\u00e9moire et de la coordination des gestes, am\u00e9lioration des capacit\u00e9s respiratoires, cardio-vasculaires &#8230;). Bref, que du bon, alors dansez maintenant !! &nbsp;<\/em><\/p>\n\n\n<p style=\"text-align: right;\"><a href=\"https:\/\/www.retraitesportivesaves.fr\/index.php\/page-d-exemple\/\" rel=\"noopener noreferrer\"><img loading=\"lazy\" decoding=\"async\" class=\"alignnone  wp-image-26691\" src=\"https:\/\/www.retraitesportivesaves.fr\/wp-content\/uploads\/2020\/03\/page-precedente-orange_lmresized_1-300x150.png\" alt=\"\" width=\"108\" height=\"54\" srcset=\"https:\/\/www.retraitesportivesaves.fr\/wp-content\/uploads\/2020\/03\/page-precedente-orange_lmresized_1-300x150.png 300w, https:\/\/www.retraitesportivesaves.fr\/wp-content\/uploads\/2020\/03\/page-precedente-orange_lmresized_1.png 480w\" sizes=\"(max-width: 108px) 100vw, 108px\" \/><\/a><\/p>\n<p><!--EndFragment--><\/p>","protected":false},"excerpt":{"rendered":"<p>Le\u00a0jeudi de 15h45\u00a0\u00e0 17h \u00e0 la salle des f\u00eates de Samatan. Avec une sono, ces apr\u00e8s-midis sont anim\u00e9s par des animateurs b\u00e9n\u00e9voles samatanais form\u00e9s par la FFRS. En solo, en couple ou en ligne, vous apprendrez des dizaines de pas de danse. &nbsp; &nbsp; &nbsp; &nbsp; &nbsp; &nbsp; &nbsp; &nbsp; &nbsp; &nbsp; &nbsp; &nbsp; &nbsp; &hellip;<\/p>\n<p class=\"read-more\"> <a class=\"\" href=\"https:\/\/www.retraitesportivesaves.fr\/index.php\/danses-en-ligne-et-de-loisirs\/\"> <span class=\"screen-reader-text\">Danses en ligne<\/span> Lire la suite\u00a0\u00bb<\/a><\/p>\n","protected":false},"author":1,"featured_media":0,"parent":0,"menu_order":0,"comment_status":"closed","ping_status":"closed","template":"","meta":{"_monsterinsights_skip_tracking":false,"_monsterinsights_sitenote_active":false,"_monsterinsights_sitenote_note":"","_monsterinsights_sitenote_category":0,"footnotes":""},"uagb_featured_image_src":{"full":false,"thumbnail":false,"medium":false,"medium_large":false,"large":false,"1536x1536":false,"2048x2048":false},"uagb_author_info":{"display_name":"admin9078","author_link":"https:\/\/www.retraitesportivesaves.fr\/index.php\/author\/admin9078\/"},"uagb_comment_info":0,"uagb_excerpt":"Le\u00a0jeudi de 15h45\u00a0\u00e0 17h \u00e0 la salle des f\u00eates de Samatan. Avec une sono, ces apr\u00e8s-midis sont anim\u00e9s par des animateurs b\u00e9n\u00e9voles samatanais form\u00e9s par la FFRS. En solo, en couple ou en ligne, vous apprendrez des dizaines de pas de danse. &nbsp; &nbsp; &nbsp; &nbsp; &nbsp; &nbsp; &nbsp; &nbsp; &nbsp; &nbsp; &nbsp; &nbsp; &nbsp;\u2026","_links":{"self":[{"href":"https:\/\/www.retraitesportivesaves.fr\/index.php\/wp-json\/wp\/v2\/pages\/25760"}],"collection":[{"href":"https:\/\/www.retraitesportivesaves.fr\/index.php\/wp-json\/wp\/v2\/pages"}],"about":[{"href":"https:\/\/www.retraitesportivesaves.fr\/index.php\/wp-json\/wp\/v2\/types\/page"}],"author":[{"embeddable":true,"href":"https:\/\/www.retraitesportivesaves.fr\/index.php\/wp-json\/wp\/v2\/users\/1"}],"replies":[{"embeddable":true,"href":"https:\/\/www.retraitesportivesaves.fr\/index.php\/wp-json\/wp\/v2\/comments?post=25760"}],"version-history":[{"count":25,"href":"https:\/\/www.retraitesportivesaves.fr\/index.php\/wp-json\/wp\/v2\/pages\/25760\/revisions"}],"predecessor-version":[{"id":33391,"href":"https:\/\/www.retraitesportivesaves.fr\/index.php\/wp-json\/wp\/v2\/pages\/25760\/revisions\/33391"}],"wp:attachment":[{"href":"https:\/\/www.retraitesportivesaves.fr\/index.php\/wp-json\/wp\/v2\/media?parent=25760"}],"curies":[{"name":"wp","href":"https:\/\/api.w.org\/{rel}","templated":true}]}}