{"id":26057,"date":"2020-02-29T17:29:06","date_gmt":"2020-02-29T16:29:06","guid":{"rendered":"http:\/\/tzzetjt.cluster026.hosting.ovh.net\/?page_id=26057"},"modified":"2024-07-04T18:00:27","modified_gmt":"2024-07-04T16:00:27","slug":"swin-golf-2","status":"publish","type":"page","link":"https:\/\/www.retraitesportivesaves.fr\/index.php\/swin-golf-2\/","title":{"rendered":"Swin golf"},"content":{"rendered":"<div class=\"wp-block-image\">\n<figure class=\"alignright size-large is-resized\"><img loading=\"lazy\" decoding=\"async\" width=\"225\" height=\"225\" src=\"https:\/\/www.retraitesportivesaves.fr\/wp-content\/uploads\/2020\/02\/swin-golf.png\" alt=\"\" class=\"wp-image-26028\" style=\"width:251px;height:251px\" srcset=\"https:\/\/www.retraitesportivesaves.fr\/wp-content\/uploads\/2020\/02\/swin-golf.png 225w, https:\/\/www.retraitesportivesaves.fr\/wp-content\/uploads\/2020\/02\/swin-golf-150x150.png 150w\" sizes=\"(max-width: 225px) 100vw, 225px\" \/><\/figure><\/div>\n\n\n<p class=\"has-vivid-cyan-blue-color has-text-color\"><strong>Le jeudi\u00a0\u00e0 9h30.\u00a0Rendez-vous sur le parking du lac \u00e0 Samatan.  <\/strong>\u00a0<\/p>\n\n\n\n<p>Ces s\u00e9ances sont encadr\u00e9es par des&nbsp;animateurs f\u00e9d\u00e9raux b\u00e9n\u00e9voles samatanais&nbsp;form\u00e9s par la FFRS.<\/p>\n\n\n\n<p>Le swin golf est une variante du golf, avec des r\u00e8gles simplifi\u00e9es, un mat\u00e9riel plus simple sur un terrain plus rustique. Il&nbsp;consiste \u00e0 jouer avec une balle molle, de m\u00eame poids qu&rsquo;une balle de golf mais plus grosse, et avec une seule canne \u00e0 trois faces.<\/p>\n\n\n\n<p>Pour les premi\u00e8res s\u00e9ances de d\u00e9couverte, le club pr\u00eatera le mat\u00e9riel. &nbsp; &nbsp; &nbsp; &nbsp;&nbsp;&nbsp; &nbsp; &nbsp;&nbsp;&nbsp; &nbsp; &nbsp; &nbsp;&nbsp;<\/p>\n\n\n\n<p class=\"has-text-align-right has-luminous-vivid-orange-color has-text-color\"><strong>R\u00e9f\u00e9rent : Ginette 06 41 04 40 85<\/strong><\/p>\n\n\n\n<p><em><strong>Bienfaits :<\/strong><\/em><br><em>C&rsquo;est un sport d&rsquo;adresse qui n\u00e9cessite concentration, pr\u00e9cision et coordination du joueur. Les&nbsp;efforts pour visualiser la balle ralentissent le vieillissement c\u00e9r\u00e9bral. Il d\u00e9veloppe&nbsp;calme, pers\u00e9v\u00e9rance et ma\u00eetrise de soi. Il&nbsp;permet de conserver plus longtemps de la force et de la souplesse. C\u2019est un excellent anti stress et un bon moyen de pr\u00e9vention des chutes et de l\u2019arthrose. Il a&nbsp;les m\u00eames avantages&nbsp;que la marche.<\/em><\/p>\n\n\n<div class=\"wp-block-image\">\n<figure class=\"alignright size-large is-resized\"><a href=\"https:\/\/www.retraitesportivesaves.fr\/index.php\/page-d-exemple\/\"><img loading=\"lazy\" decoding=\"async\" width=\"480\" height=\"240\" src=\"https:\/\/www.retraitesportivesaves.fr\/wp-content\/uploads\/2020\/03\/page-precedente-orange_lmresized_1.png\" alt=\"\" class=\"wp-image-26691\" style=\"width:112px;height:56px\" srcset=\"https:\/\/www.retraitesportivesaves.fr\/wp-content\/uploads\/2020\/03\/page-precedente-orange_lmresized_1.png 480w, https:\/\/www.retraitesportivesaves.fr\/wp-content\/uploads\/2020\/03\/page-precedente-orange_lmresized_1-300x150.png 300w\" sizes=\"(max-width: 480px) 100vw, 480px\" \/><\/a><\/figure><\/div>","protected":false},"excerpt":{"rendered":"<p>Le jeudi\u00a0\u00e0 9h30.\u00a0Rendez-vous sur le parking du lac \u00e0 Samatan. \u00a0 Ces s\u00e9ances sont encadr\u00e9es par des&nbsp;animateurs f\u00e9d\u00e9raux b\u00e9n\u00e9voles samatanais&nbsp;form\u00e9s par la FFRS. Le swin golf est une variante du golf, avec des r\u00e8gles simplifi\u00e9es, un mat\u00e9riel plus simple sur un terrain plus rustique. Il&nbsp;consiste \u00e0 jouer avec une balle molle, de m\u00eame poids qu&rsquo;une &hellip;<\/p>\n<p class=\"read-more\"> <a class=\"\" href=\"https:\/\/www.retraitesportivesaves.fr\/index.php\/swin-golf-2\/\"> <span class=\"screen-reader-text\">Swin golf<\/span> Lire la suite\u00a0\u00bb<\/a><\/p>\n","protected":false},"author":1,"featured_media":0,"parent":0,"menu_order":0,"comment_status":"closed","ping_status":"closed","template":"","meta":{"_monsterinsights_skip_tracking":false,"_monsterinsights_sitenote_active":false,"_monsterinsights_sitenote_note":"","_monsterinsights_sitenote_category":0,"footnotes":""},"uagb_featured_image_src":{"full":false,"thumbnail":false,"medium":false,"medium_large":false,"large":false,"1536x1536":false,"2048x2048":false},"uagb_author_info":{"display_name":"admin9078","author_link":"https:\/\/www.retraitesportivesaves.fr\/index.php\/author\/admin9078\/"},"uagb_comment_info":0,"uagb_excerpt":"Le jeudi\u00a0\u00e0 9h30.\u00a0Rendez-vous sur le parking du lac \u00e0 Samatan. \u00a0 Ces s\u00e9ances sont encadr\u00e9es par des&nbsp;animateurs f\u00e9d\u00e9raux b\u00e9n\u00e9voles samatanais&nbsp;form\u00e9s par la FFRS. Le swin golf est une variante du golf, avec des r\u00e8gles simplifi\u00e9es, un mat\u00e9riel plus simple sur un terrain plus rustique. Il&nbsp;consiste \u00e0 jouer avec une balle molle, de m\u00eame poids qu&rsquo;une\u2026","_links":{"self":[{"href":"https:\/\/www.retraitesportivesaves.fr\/index.php\/wp-json\/wp\/v2\/pages\/26057"}],"collection":[{"href":"https:\/\/www.retraitesportivesaves.fr\/index.php\/wp-json\/wp\/v2\/pages"}],"about":[{"href":"https:\/\/www.retraitesportivesaves.fr\/index.php\/wp-json\/wp\/v2\/types\/page"}],"author":[{"embeddable":true,"href":"https:\/\/www.retraitesportivesaves.fr\/index.php\/wp-json\/wp\/v2\/users\/1"}],"replies":[{"embeddable":true,"href":"https:\/\/www.retraitesportivesaves.fr\/index.php\/wp-json\/wp\/v2\/comments?post=26057"}],"version-history":[{"count":14,"href":"https:\/\/www.retraitesportivesaves.fr\/index.php\/wp-json\/wp\/v2\/pages\/26057\/revisions"}],"predecessor-version":[{"id":31569,"href":"https:\/\/www.retraitesportivesaves.fr\/index.php\/wp-json\/wp\/v2\/pages\/26057\/revisions\/31569"}],"wp:attachment":[{"href":"https:\/\/www.retraitesportivesaves.fr\/index.php\/wp-json\/wp\/v2\/media?parent=26057"}],"curies":[{"name":"wp","href":"https:\/\/api.w.org\/{rel}","templated":true}]}}