{"id":26063,"date":"2020-02-29T17:37:33","date_gmt":"2020-02-29T16:37:33","guid":{"rendered":"http:\/\/tzzetjt.cluster026.hosting.ovh.net\/?page_id=26063"},"modified":"2025-07-01T10:12:45","modified_gmt":"2025-07-01T08:12:45","slug":"country-3","status":"publish","type":"page","link":"https:\/\/www.retraitesportivesaves.fr\/index.php\/country-3\/","title":{"rendered":"Country"},"content":{"rendered":"\n<p class=\"has-vivid-cyan-blue-color has-text-color\"><strong>Le&nbsp;jeudi <\/strong>&nbsp;de 14h \u00e0 15h30 \u00e0 la salle des f\u00eates de Samatan  sauf indication diff\u00e9rente de vos animatrices.<\/p>\n\n\n<div class=\"wp-block-image\">\n<figure class=\"alignright size-large is-resized\"><img loading=\"lazy\" decoding=\"async\" width=\"400\" height=\"225\" src=\"https:\/\/www.retraitesportivesaves.fr\/wp-content\/uploads\/2020\/02\/country.jpg\" alt=\"\" class=\"wp-image-26021\" style=\"width:303px;height:171px\" srcset=\"https:\/\/www.retraitesportivesaves.fr\/wp-content\/uploads\/2020\/02\/country.jpg 400w, https:\/\/www.retraitesportivesaves.fr\/wp-content\/uploads\/2020\/02\/country-300x169.jpg 300w\" sizes=\"(max-width: 400px) 100vw, 400px\" \/><\/figure><\/div>\n\n\n<p><strong>Niveau d\u00e9butants<\/strong>. Vous avez envie de danser, mais vous n&rsquo;osez pas vous lancer. Vous voulez d\u00e9couvrir et tester un nouvel univers dansant appr\u00e9ci\u00e9&nbsp;gr\u00e2ce \u00e0 son c\u00f4t\u00e9 festif et convivial. La country vous permet de vous immerger dans la culture am\u00e9ricaine sur des musiques tr\u00e8s modernes qui permettent d&rsquo;encha\u00eener des styles et des rythmes vari\u00e9s.<\/p>\n\n\n\n<p>Genevi\u00e8ve, Carole et Mireille animatrices&nbsp;b\u00e9n\u00e9voles samatanaises form\u00e9es par la FFRS, vous apprendront&nbsp;les pas de base et les figures simples avant plus tard&nbsp;de parfaire la technique, le style et la rythmique.&nbsp;<\/p>\n\n\n\n<p><\/p>\n\n\n\n<p class=\"has-text-align-right has-luminous-vivid-orange-color has-text-color\">&nbsp; &nbsp; &nbsp; &nbsp; &nbsp; &nbsp; &nbsp; &nbsp; &nbsp; &nbsp; &nbsp; &nbsp; &nbsp; &nbsp; &nbsp; &nbsp; &nbsp; &nbsp; &nbsp; &nbsp; &nbsp; &nbsp; &nbsp; &nbsp; &nbsp; &nbsp; &nbsp; &nbsp; &nbsp; &nbsp; &nbsp; &nbsp; &nbsp; &nbsp; &nbsp; &nbsp; &nbsp; &nbsp; &nbsp; &nbsp; &nbsp; &nbsp; &nbsp; &nbsp; &nbsp; &nbsp; &nbsp; &nbsp; &nbsp; &nbsp; &nbsp; &nbsp; &nbsp; &nbsp; &nbsp; &nbsp; &nbsp; &nbsp; &nbsp; &nbsp; &nbsp; &nbsp; &nbsp; &nbsp; &nbsp;&nbsp;<strong>R\u00e9f\u00e9rent : Genevi\u00e8ve<\/strong> <strong>06 28 25 74 94<\/strong><\/p>\n\n\n\n<p><strong><em>Bienfaits :<\/em><\/strong><br><em>Les m\u00eames que la danse. et le style country n\u2019en fait pas exception. En plus de vous amuser, vous travaillerez vos muscles abdominaux, avec les mouvements et rythmes&nbsp;\u00e9nergiques. Gr\u00e2ce \u00e0 ces danses rapides, vous am\u00e9liorez aussi votre circulation sanguine, ce qui a un impact positif sur votre tension art\u00e9rielle. Cette danse stimule aussi&nbsp;le rythme cardiaque, le cerveau et d\u00e9veloppe la m\u00e9moire, la confiance en soi et la concentration. De nombreux muscles du corps sont sollicit\u00e9s.&nbsp;Un cours de 30 minutes de Country vous fera br\u00fbler pas moins de 400 calories.<\/em><\/p>\n\n\n<div class=\"wp-block-image\">\n<figure class=\"alignright size-large is-resized\"><a href=\"https:\/\/www.retraitesportivesaves.fr\/index.php\/page-d-exemple\/\"><img loading=\"lazy\" decoding=\"async\" width=\"480\" height=\"240\" src=\"https:\/\/www.retraitesportivesaves.fr\/wp-content\/uploads\/2020\/03\/page-precedente-orange_lmresized_1.png\" alt=\"\" class=\"wp-image-26691\" style=\"width:123px;height:62px\" srcset=\"https:\/\/www.retraitesportivesaves.fr\/wp-content\/uploads\/2020\/03\/page-precedente-orange_lmresized_1.png 480w, https:\/\/www.retraitesportivesaves.fr\/wp-content\/uploads\/2020\/03\/page-precedente-orange_lmresized_1-300x150.png 300w\" sizes=\"(max-width: 480px) 100vw, 480px\" \/><\/a><\/figure><\/div>","protected":false},"excerpt":{"rendered":"<p>Le&nbsp;jeudi &nbsp;de 14h \u00e0 15h30 \u00e0 la salle des f\u00eates de Samatan sauf indication diff\u00e9rente de vos animatrices. Niveau d\u00e9butants. Vous avez envie de danser, mais vous n&rsquo;osez pas vous lancer. Vous voulez d\u00e9couvrir et tester un nouvel univers dansant appr\u00e9ci\u00e9&nbsp;gr\u00e2ce \u00e0 son c\u00f4t\u00e9 festif et convivial. La country vous permet de vous immerger dans &hellip;<\/p>\n<p class=\"read-more\"> <a class=\"\" href=\"https:\/\/www.retraitesportivesaves.fr\/index.php\/country-3\/\"> <span class=\"screen-reader-text\">Country<\/span> Lire la suite\u00a0\u00bb<\/a><\/p>\n","protected":false},"author":1,"featured_media":0,"parent":0,"menu_order":0,"comment_status":"closed","ping_status":"closed","template":"","meta":{"_monsterinsights_skip_tracking":false,"_monsterinsights_sitenote_active":false,"_monsterinsights_sitenote_note":"","_monsterinsights_sitenote_category":0,"footnotes":""},"uagb_featured_image_src":{"full":false,"thumbnail":false,"medium":false,"medium_large":false,"large":false,"1536x1536":false,"2048x2048":false},"uagb_author_info":{"display_name":"admin9078","author_link":"https:\/\/www.retraitesportivesaves.fr\/index.php\/author\/admin9078\/"},"uagb_comment_info":0,"uagb_excerpt":"Le&nbsp;jeudi &nbsp;de 14h \u00e0 15h30 \u00e0 la salle des f\u00eates de Samatan sauf indication diff\u00e9rente de vos animatrices. Niveau d\u00e9butants. Vous avez envie de danser, mais vous n&rsquo;osez pas vous lancer. Vous voulez d\u00e9couvrir et tester un nouvel univers dansant appr\u00e9ci\u00e9&nbsp;gr\u00e2ce \u00e0 son c\u00f4t\u00e9 festif et convivial. La country vous permet de vous immerger dans\u2026","_links":{"self":[{"href":"https:\/\/www.retraitesportivesaves.fr\/index.php\/wp-json\/wp\/v2\/pages\/26063"}],"collection":[{"href":"https:\/\/www.retraitesportivesaves.fr\/index.php\/wp-json\/wp\/v2\/pages"}],"about":[{"href":"https:\/\/www.retraitesportivesaves.fr\/index.php\/wp-json\/wp\/v2\/types\/page"}],"author":[{"embeddable":true,"href":"https:\/\/www.retraitesportivesaves.fr\/index.php\/wp-json\/wp\/v2\/users\/1"}],"replies":[{"embeddable":true,"href":"https:\/\/www.retraitesportivesaves.fr\/index.php\/wp-json\/wp\/v2\/comments?post=26063"}],"version-history":[{"count":22,"href":"https:\/\/www.retraitesportivesaves.fr\/index.php\/wp-json\/wp\/v2\/pages\/26063\/revisions"}],"predecessor-version":[{"id":32826,"href":"https:\/\/www.retraitesportivesaves.fr\/index.php\/wp-json\/wp\/v2\/pages\/26063\/revisions\/32826"}],"wp:attachment":[{"href":"https:\/\/www.retraitesportivesaves.fr\/index.php\/wp-json\/wp\/v2\/media?parent=26063"}],"curies":[{"name":"wp","href":"https:\/\/api.w.org\/{rel}","templated":true}]}}